{"id":17,"date":"2024-01-10T11:23:54","date_gmt":"2024-01-10T10:23:54","guid":{"rendered":"https:\/\/mehler.devderbort.de\/?page_id=17"},"modified":"2024-03-27T22:37:38","modified_gmt":"2024-03-27T21:37:38","slug":"produkte","status":"publish","type":"page","link":"https:\/\/mehler-ep.com\/de\/produkte\/","title":{"rendered":"Produkte"},"content":{"rendered":"\t\t<div data-elementor-type=\"wp-page\" data-elementor-id=\"17\" class=\"elementor elementor-17\" data-elementor-post-type=\"page\">\n\t\t\t\t<div class=\"elementor-element elementor-element-537e32ca e-flex e-con-boxed e-con e-parent\" data-id=\"537e32ca\" data-element_type=\"container\" data-e-type=\"container\" data-settings=\"{&quot;background_background&quot;:&quot;slideshow&quot;,&quot;background_slideshow_gallery&quot;:[{&quot;id&quot;:12095,&quot;url&quot;:&quot;https:\\\/\\\/mehler-ep.com\\\/wp-content\\\/uploads\\\/2024\\\/02\\\/Slider-1.webp&quot;},{&quot;id&quot;:421,&quot;url&quot;:&quot;https:\\\/\\\/mehler-ep.com\\\/wp-content\\\/uploads\\\/2024\\\/01\\\/products-fabrics-RG_8128.webp&quot;},{&quot;id&quot;:419,&quot;url&quot;:&quot;https:\\\/\\\/mehler-ep.com\\\/wp-content\\\/uploads\\\/2024\\\/01\\\/MehlerEP_Products1782-2-1920x1080-1.jpg&quot;},{&quot;id&quot;:422,&quot;url&quot;:&quot;https:\\\/\\\/mehler-ep.com\\\/wp-content\\\/uploads\\\/2024\\\/01\\\/Slide-2-1920x1080-1.jpg&quot;},{&quot;id&quot;:420,&quot;url&quot;:&quot;https:\\\/\\\/mehler-ep.com\\\/wp-content\\\/uploads\\\/2024\\\/01\\\/MehlerEP_Products1828-1920x1080-1.jpg&quot;}],&quot;background_slideshow_slide_transition&quot;:&quot;slide_left&quot;,&quot;background_slideshow_loop&quot;:&quot;yes&quot;,&quot;background_slideshow_slide_duration&quot;:5000,&quot;background_slideshow_transition_duration&quot;:500}\">\n\t\t\t\t\t<div class=\"e-con-inner\">\n\t\t<div class=\"elementor-element elementor-element-10f8cd09 e-con-full e-flex e-con e-child\" data-id=\"10f8cd09\" data-element_type=\"container\" data-e-type=\"container\" data-settings=\"{&quot;background_background&quot;:&quot;classic&quot;}\">\n\t\t\t\t<div class=\"elementor-element elementor-element-767ba4d elementor-widget elementor-widget-heading\" data-id=\"767ba4d\" data-element_type=\"widget\" data-e-type=\"widget\" data-widget_type=\"heading.default\">\n\t\t\t\t<div class=\"elementor-widget-container\">\n\t\t\t\t\t<h1 class=\"elementor-heading-title elementor-size-default\">Produkte<\/h1>\t\t\t\t<\/div>\n\t\t\t\t<\/div>\n\t\t\t\t<\/div>\n\t\t<div class=\"elementor-element elementor-element-14a5197c e-con-full elementor-hidden-mobile e-flex e-con e-child\" data-id=\"14a5197c\" data-element_type=\"container\" data-e-type=\"container\">\n\t\t\t\t<\/div>\n\t\t\t\t\t<\/div>\n\t\t\t\t<\/div>\n\t\t<div class=\"elementor-element elementor-element-33081c48 e-flex e-con-boxed e-con e-parent\" data-id=\"33081c48\" data-element_type=\"container\" data-e-type=\"container\" data-settings=\"{&quot;background_background&quot;:&quot;classic&quot;}\">\n\t\t\t\t\t<div class=\"e-con-inner\">\n\t\t<div class=\"elementor-element elementor-element-43135828 e-con-full e-flex e-con e-child\" data-id=\"43135828\" data-element_type=\"container\" data-e-type=\"container\">\n\t\t\t\t<div class=\"elementor-element elementor-element-485e6018 elementor-widget elementor-widget-heading\" data-id=\"485e6018\" data-element_type=\"widget\" data-e-type=\"widget\" data-widget_type=\"heading.default\">\n\t\t\t\t<div class=\"elementor-widget-container\">\n\t\t\t\t\t<h2 class=\"elementor-heading-title elementor-size-default\">MEHLER<\/h2>\t\t\t\t<\/div>\n\t\t\t\t<\/div>\n\t\t\t\t<div class=\"elementor-element elementor-element-dd975f6 elementor-widget elementor-widget-heading\" data-id=\"dd975f6\" data-element_type=\"widget\" data-e-type=\"widget\" data-widget_type=\"heading.default\">\n\t\t\t\t<div class=\"elementor-widget-container\">\n\t\t\t\t\t<p class=\"elementor-heading-title elementor-size-default\">Produktportfolio\n\n<\/p>\t\t\t\t<\/div>\n\t\t\t\t<\/div>\n\t\t\t\t<\/div>\n\t\t<div class=\"elementor-element elementor-element-201b3f7d e-con-full e-flex e-con e-child\" data-id=\"201b3f7d\" data-element_type=\"container\" data-e-type=\"container\">\n\t\t\t\t<div class=\"elementor-element elementor-element-3b89ef74 elementor-widget elementor-widget-text-editor\" data-id=\"3b89ef74\" data-element_type=\"widget\" data-e-type=\"widget\" data-widget_type=\"text-editor.default\">\n\t\t\t\t<div class=\"elementor-widget-container\">\n\t\t\t\t\t\t\t\t\t<p>Wir bieten ein umfassendes Produktsortiment an technischen Textilien f\u00fcr unterschiedliche M\u00e4rkte und Anwendungen an. Die meisten Produkte wurden in enger Zusammenarbeit mit unseren Kunden entwickelt, um die Anforderungen bestimmter nachgelagerter Prozesse und Endanwendungen bestm\u00f6glich zu erf\u00fcllen. Unser Produktportfolio ist in drei Gruppen unterteilt.<\/p>\t\t\t\t\t\t\t\t<\/div>\n\t\t\t\t<\/div>\n\t\t\t\t<\/div>\n\t\t\t\t\t<\/div>\n\t\t\t\t<\/div>\n\t\t<div class=\"elementor-element elementor-element-7dfe0612 e-flex e-con-boxed e-con e-parent\" data-id=\"7dfe0612\" data-element_type=\"container\" data-e-type=\"container\" data-settings=\"{&quot;background_background&quot;:&quot;classic&quot;}\">\n\t\t\t\t\t<div class=\"e-con-inner\">\n\t\t<div class=\"elementor-element elementor-element-5513a3ad e-flex e-con-boxed e-con e-child\" data-id=\"5513a3ad\" data-element_type=\"container\" data-e-type=\"container\">\n\t\t\t\t\t<div class=\"e-con-inner\">\n\t\t\t\t<div class=\"elementor-element elementor-element-9e13f30 ekit-equal-height-enable elementor-widget elementor-widget-elementskit-icon-box\" data-id=\"9e13f30\" data-element_type=\"widget\" data-e-type=\"widget\" data-widget_type=\"elementskit-icon-box.default\">\n\t\t\t\t<div class=\"elementor-widget-container\">\n\t\t\t\t\t<div class=\"ekit-wid-con\" >        <!-- link opening -->\n                <a href=\"https:\/\/mehler-ep.com\/de\/produkte\/technische-faeden\/\" class=\"ekit_global_links\">\n                <!-- end link opening -->\n\n        <div class=\"elementskit-infobox text-center text- icon-lef-right-aligin elementor-animation-  gradient-active image-active hover_from_left\">\n                        <div class=\"box-body\">\n                            <h3 class=\"elementskit-info-box-title\">\n                    Technische F\u00e4den                <\/h3>\n                                            <\/div>\n        \n                            \n                <\/div>\n                <\/a>\n        <\/div>\t\t\t\t<\/div>\n\t\t\t\t<\/div>\n\t\t\t\t\t<\/div>\n\t\t\t\t<\/div>\n\t\t<div class=\"elementor-element elementor-element-9200b3e e-flex e-con-boxed e-con e-child\" data-id=\"9200b3e\" data-element_type=\"container\" data-e-type=\"container\">\n\t\t\t\t\t<div class=\"e-con-inner\">\n\t\t\t\t<div class=\"elementor-element elementor-element-bd30da1 ekit-equal-height-enable elementor-widget elementor-widget-elementskit-icon-box\" data-id=\"bd30da1\" data-element_type=\"widget\" data-e-type=\"widget\" data-widget_type=\"elementskit-icon-box.default\">\n\t\t\t\t<div class=\"elementor-widget-container\">\n\t\t\t\t\t<div class=\"ekit-wid-con\" >        <!-- link opening -->\n                <a href=\"https:\/\/mehler-ep.com\/de\/produkte\/technische-gewebe\/\" class=\"ekit_global_links\">\n                <!-- end link opening -->\n\n        <div class=\"elementskit-infobox text-center text- icon-lef-right-aligin elementor-animation-  gradient-active image-active hover_from_left\">\n                        <div class=\"box-body\">\n                            <h3 class=\"elementskit-info-box-title\">\n                    Technische Gewebe                <\/h3>\n                                            <\/div>\n        \n                            \n                <\/div>\n                <\/a>\n        <\/div>\t\t\t\t<\/div>\n\t\t\t\t<\/div>\n\t\t\t\t\t<\/div>\n\t\t\t\t<\/div>\n\t\t<div class=\"elementor-element elementor-element-d478e09 e-flex e-con-boxed e-con e-child\" data-id=\"d478e09\" data-element_type=\"container\" data-e-type=\"container\">\n\t\t\t\t\t<div class=\"e-con-inner\">\n\t\t\t\t<div class=\"elementor-element elementor-element-ff02ea7 ekit-equal-height-enable elementor-widget elementor-widget-elementskit-icon-box\" data-id=\"ff02ea7\" data-element_type=\"widget\" data-e-type=\"widget\" data-widget_type=\"elementskit-icon-box.default\">\n\t\t\t\t<div class=\"elementor-widget-container\">\n\t\t\t\t\t<div class=\"ekit-wid-con\" >        <!-- link opening -->\n                <a href=\"https:\/\/mehler-ep.com\/de\/produkte\/dienstleistungen\/\" class=\"ekit_global_links\">\n                <!-- end link opening -->\n\n        <div class=\"elementskit-infobox text-center text- icon-lef-right-aligin elementor-animation-  gradient-active image-active hover_from_left\">\n                        <div class=\"box-body\">\n                            <h3 class=\"elementskit-info-box-title\">\n                    Dienstleistungen                <\/h3>\n                                            <\/div>\n        \n                            \n                <\/div>\n                <\/a>\n        <\/div>\t\t\t\t<\/div>\n\t\t\t\t<\/div>\n\t\t\t\t\t<\/div>\n\t\t\t\t<\/div>\n\t\t\t\t\t<\/div>\n\t\t\t\t<\/div>\n\t\t\t\t<\/div>\n\t\t","protected":false},"excerpt":{"rendered":"<p>Produkte MEHLER Produktportfolio Wir bieten ein umfassendes Produktsortiment an technischen Textilien f\u00fcr unterschiedliche M\u00e4rkte und Anwendungen an. Die meisten Produkte wurden in enger Zusammenarbeit mit unseren Kunden entwickelt, um die Anforderungen bestimmter nachgelagerter Prozesse und Endanwendungen bestm\u00f6glich zu erf\u00fcllen. Unser Produktportfolio ist in drei Gruppen unterteilt. Technische F\u00e4den Technische Gewebe Dienstleistungen<\/p>\n","protected":false},"author":1,"featured_media":0,"parent":0,"menu_order":0,"comment_status":"closed","ping_status":"closed","template":"","meta":{"footnotes":""},"class_list":["post-17","page","type-page","status-publish","hentry"],"_links":{"self":[{"href":"https:\/\/mehler-ep.com\/de\/wp-json\/wp\/v2\/pages\/17","targetHints":{"allow":["GET"]}}],"collection":[{"href":"https:\/\/mehler-ep.com\/de\/wp-json\/wp\/v2\/pages"}],"about":[{"href":"https:\/\/mehler-ep.com\/de\/wp-json\/wp\/v2\/types\/page"}],"author":[{"embeddable":true,"href":"https:\/\/mehler-ep.com\/de\/wp-json\/wp\/v2\/users\/1"}],"replies":[{"embeddable":true,"href":"https:\/\/mehler-ep.com\/de\/wp-json\/wp\/v2\/comments?post=17"}],"version-history":[{"count":4,"href":"https:\/\/mehler-ep.com\/de\/wp-json\/wp\/v2\/pages\/17\/revisions"}],"predecessor-version":[{"id":15068,"href":"https:\/\/mehler-ep.com\/de\/wp-json\/wp\/v2\/pages\/17\/revisions\/15068"}],"wp:attachment":[{"href":"https:\/\/mehler-ep.com\/de\/wp-json\/wp\/v2\/media?parent=17"}],"curies":[{"name":"wp","href":"https:\/\/api.w.org\/{rel}","templated":true}]}}