{"id":33,"date":"2024-01-10T11:25:14","date_gmt":"2024-01-10T10:25:14","guid":{"rendered":"https:\/\/mehler.devderbort.de\/?page_id=33"},"modified":"2026-02-24T10:56:03","modified_gmt":"2026-02-24T09:56:03","slug":"karriere","status":"publish","type":"page","link":"https:\/\/mehler-ep.com\/de\/karriere\/","title":{"rendered":"Karriere"},"content":{"rendered":"\t\t<div data-elementor-type=\"wp-page\" data-elementor-id=\"33\" class=\"elementor elementor-33\" data-elementor-post-type=\"page\">\n\t\t\t\t<div class=\"elementor-element elementor-element-3b270506 e-flex e-con-boxed e-con e-parent\" data-id=\"3b270506\" data-element_type=\"container\" data-e-type=\"container\" data-settings=\"{&quot;background_background&quot;:&quot;classic&quot;}\">\n\t\t\t\t\t<div class=\"e-con-inner\">\n\t\t<div class=\"elementor-element elementor-element-601e6f09 e-con-full e-flex e-con e-child\" data-id=\"601e6f09\" data-element_type=\"container\" data-e-type=\"container\" data-settings=\"{&quot;background_background&quot;:&quot;classic&quot;}\">\n\t\t\t\t<div class=\"elementor-element elementor-element-7f76c6e elementor-widget elementor-widget-heading\" data-id=\"7f76c6e\" data-element_type=\"widget\" data-e-type=\"widget\" data-widget_type=\"heading.default\">\n\t\t\t\t<div class=\"elementor-widget-container\">\n\t\t\t\t\t<h1 class=\"elementor-heading-title elementor-size-default\">Karriere<\/h1>\t\t\t\t<\/div>\n\t\t\t\t<\/div>\n\t\t\t\t<\/div>\n\t\t<div class=\"elementor-element elementor-element-275b20be e-con-full elementor-hidden-mobile e-flex e-con e-child\" data-id=\"275b20be\" data-element_type=\"container\" data-e-type=\"container\">\n\t\t\t\t<\/div>\n\t\t\t\t\t<\/div>\n\t\t\t\t<\/div>\n\t\t<div class=\"elementor-element elementor-element-55b35d27 e-flex e-con-boxed e-con e-parent\" data-id=\"55b35d27\" data-element_type=\"container\" data-e-type=\"container\" data-settings=\"{&quot;background_background&quot;:&quot;classic&quot;}\">\n\t\t\t\t\t<div class=\"e-con-inner\">\n\t\t<div class=\"elementor-element elementor-element-52963617 e-con-full e-flex e-con e-child\" data-id=\"52963617\" data-element_type=\"container\" data-e-type=\"container\">\n\t\t\t\t<div class=\"elementor-element elementor-element-5e2c65c2 elementor-widget elementor-widget-heading\" data-id=\"5e2c65c2\" data-element_type=\"widget\" data-e-type=\"widget\" data-widget_type=\"heading.default\">\n\t\t\t\t<div class=\"elementor-widget-container\">\n\t\t\t\t\t<h2 class=\"elementor-heading-title elementor-size-default\">MEHLER<\/h2>\t\t\t\t<\/div>\n\t\t\t\t<\/div>\n\t\t\t\t<div class=\"elementor-element elementor-element-6fdba671 elementor-widget elementor-widget-heading\" data-id=\"6fdba671\" data-element_type=\"widget\" data-e-type=\"widget\" data-widget_type=\"heading.default\">\n\t\t\t\t<div class=\"elementor-widget-container\">\n\t\t\t\t\t<p class=\"elementor-heading-title elementor-size-default\">Werden Sie Teil unseres Teams\n<\/p>\t\t\t\t<\/div>\n\t\t\t\t<\/div>\n\t\t\t\t<\/div>\n\t\t<div class=\"elementor-element elementor-element-66033f83 e-con-full e-flex e-con e-child\" data-id=\"66033f83\" data-element_type=\"container\" data-e-type=\"container\">\n\t\t\t\t<div class=\"elementor-element elementor-element-41b1807a elementor-widget elementor-widget-text-editor\" data-id=\"41b1807a\" data-element_type=\"widget\" data-e-type=\"widget\" data-widget_type=\"text-editor.default\">\n\t\t\t\t<div class=\"elementor-widget-container\">\n\t\t\t\t\t\t\t\t\t<p>MEHLER besch\u00e4ftigt weltweit \u00fcber 650 Mitarbeiter an 7 Standorten.<br \/>Sie begeistern sich f\u00fcr das umfassende Thema der technischen Textilien? Sie arbeiten gerne in einem internationalem eng verbundenen Team und m\u00f6chten Ihren Beitrag dazu leisten, ein zukunftsorientiertes Unternehmen weiter wachsen zu lassen? Dann sind Sie bei uns an der richtigen Stelle!<\/p><p>Zur Zeit haben wir keine offenen Stellen zu besetzen.\u00a0<\/p><p>Dennoch\u00a0<span style=\"color: var( --e-global-color-text ); font-family: var( --e-global-typography-text-font-family ), Sans-serif; background-color: var( --e-global-color-secondary );\">k\u00f6nnen Sie uns auch gerne Ihre Initiativbewerbung zukommen lassen: <\/span><a style=\"font-family: var( --e-global-typography-text-font-family ), Sans-serif;\" href=\"mailto:career@mehler-ep.com\">career@mehler-ep.com<\/a><\/p>\t\t\t\t\t\t\t\t<\/div>\n\t\t\t\t<\/div>\n\t\t\t\t<\/div>\n\t\t\t\t\t<\/div>\n\t\t\t\t<\/div>\n\t\t<div class=\"elementor-element elementor-element-95a5af5 e-flex e-con-boxed e-con e-parent\" data-id=\"95a5af5\" data-element_type=\"container\" data-e-type=\"container\" data-settings=\"{&quot;background_background&quot;:&quot;classic&quot;}\">\n\t\t\t\t\t<div class=\"e-con-inner\">\n\t\t<div class=\"elementor-element elementor-element-e8b50a1 e-con-full e-flex e-con e-child\" data-id=\"e8b50a1\" data-element_type=\"container\" data-e-type=\"container\">\n\t\t\t\t<div class=\"elementor-element elementor-element-f5098c2 elementor-widget elementor-widget-text-editor\" data-id=\"f5098c2\" data-element_type=\"widget\" data-e-type=\"widget\" data-widget_type=\"text-editor.default\">\n\t\t\t\t<div class=\"elementor-widget-container\">\n\t\t\t\t\t\t\t\t\t<p>Aktuell sind folgende Stellenangebote verf\u00fcgbar, um unsere Teams an den beiden\u00a0 deutschen Standorten in Fulda und Hessisch Lichtenau zu verst\u00e4rken.\u00a0<br \/><br \/>Weitere Infos zu exakten Stellenbeschreibungen, Anforderungsprofilen und zus\u00e4tzlichen Vorteilen, die MEHLER Ihnen bietet, finden Sie auf der Internetseite unserer Holding-Gesellschaft KAP:\u00a0<a style=\"font-family: var( --e-global-typography-text-font-family ), Sans-serif; font-size: var( --e-global-typography-text-font-size ); font-weight: var( --e-global-typography-text-font-weight ); text-align: var(--text-align); background-color: #ffffff;\" href=\"https:\/\/www.kap.de\/karriere\/stellenangebote\" target=\"_blank\" rel=\"noopener\">Stellenangebote | KAP AG<\/a><\/p>\t\t\t\t\t\t\t\t<\/div>\n\t\t\t\t<\/div>\n\t\t\t\t<\/div>\n\t\t<div class=\"elementor-element elementor-element-599f444 e-con-full e-flex e-con e-child\" data-id=\"599f444\" data-element_type=\"container\" data-e-type=\"container\">\n\t\t\t\t<div class=\"elementor-element elementor-element-0c4a6ab elementor-widget elementor-widget-elementskit-table\" data-id=\"0c4a6ab\" data-element_type=\"widget\" data-e-type=\"widget\" data-settings=\"{&quot;entries_text&quot;:&quot;Show _MENU_ entries&quot;}\" data-widget_type=\"elementskit-table.default\">\n\t\t\t\t<div class=\"elementor-widget-container\">\n\t\t\t\t\t<div class=\"ekit-wid-con\" >\n<div class=\"ekit_table display  ekit_table_data_type-custom\"\n\tdata-settings=\"{&quot;fixedHeader&quot;:true,&quot;search&quot;:false,&quot;search_placeholder&quot;:&quot;&quot;,&quot;responsive&quot;:true,&quot;pagination&quot;:false,&quot;button&quot;:false,&quot;entries&quot;:true,&quot;info&quot;:false,&quot;info_text&quot;:&quot;&quot;,&quot;entries_text&quot;:&quot;Show _MENU_ entries&quot;,&quot;ordering&quot;:false,&quot;searchIcon&quot;:&quot;&quot;,&quot;item_per_page&quot;:10,&quot;nav_style&quot;:&quot;&quot;,&quot;prev_text&quot;:&quot;&quot;,&quot;next_text&quot;:&quot;&quot;,&quot;prev_arrow&quot;:&quot;&quot;,&quot;next_arrow&quot;:&quot;&quot;}\">\n\t<table id=\"ekit-table-container-0c4a6ab\" class=\"display dataTable\" style=\"width:100%\"><thead><tr>\t<th class=\"elementor-repeater-item-60c73bc\">\n\t\t<div\n\t\t\tclass=\"ekit_table_item_container  ekit-table-container- \">\n\t\t\tStellenangebot\t\t<\/div>\n\t<\/th>\n\t\t<th class=\"elementor-repeater-item-a83206f\">\n\t\t<div\n\t\t\tclass=\"ekit_table_item_container  ekit-table-container- \">\n\t\t\tStandort\t\t<\/div>\n\t<\/th>\n\t <\/tr><\/thead><tbody><tr>\t<td data-order=\"Customer Service &amp; Versand (gn) \u2013 Auftragszentrum (Elternzeitvertretung in Teilzeit)\"\n\t\tclass=\"elementor-repeater-item-7744a54 ekit_table_data_\">\n\t\t\t\t<a href=\"https:\/\/www.kap.de\/en\/karriere\/stellenangebote\/customer-service-versand-gn-auftragszentrum-elternzeitvertretung-in-teilzeit\" target=\"_blank\" rel=\"noopener\">\n\t\t\t\n\t\t\t<div\n\t\t\t\tclass=\"ekit_table_body_container ekit_table_data_ ekit_body_align_left\">\n\t\t\t\t<p><strong>Customer Service &amp; Versand (gn) \u2013 Auftragszentrum<\/strong> (Elternzeitvertretung in Teilzeit)<\/p>\t\t\t<\/div>\n\n\t\t\t\t\t<\/a>\n\t\t\t<\/td>\n\t\t<td data-order=\"Hessisch Lichtenau \/ Deutschland\"\n\t\tclass=\"elementor-repeater-item-50dd211 ekit_table_data_\">\n\t\t\n\t\t\t<div\n\t\t\t\tclass=\"ekit_table_body_container ekit_table_data_ ekit_body_align_left\">\n\t\t\t\t<p>Hessisch Lichtenau \/ Deutschland<\/p>\t\t\t<\/div>\n\n\t\t\t\t<\/td>\n\t <\/tbody><\/table><\/div>\n\n\n\n<\/div>\t\t\t\t<\/div>\n\t\t\t\t<\/div>\n\t\t\t\t<\/div>\n\t\t\t\t\t<\/div>\n\t\t\t\t<\/div>\n\t\t<div class=\"elementor-element elementor-element-706b3194 elementor-hidden-mobile e-flex e-con-boxed e-con e-parent\" data-id=\"706b3194\" data-element_type=\"container\" data-e-type=\"container\" data-settings=\"{&quot;background_background&quot;:&quot;classic&quot;}\">\n\t\t\t\t\t<div class=\"e-con-inner\">\n\t\t<div class=\"elementor-element elementor-element-1a42f7cf e-con-full e-flex e-con e-child\" data-id=\"1a42f7cf\" data-element_type=\"container\" data-e-type=\"container\">\n\t\t\t\t<div class=\"elementor-element elementor-element-59caa1df elementor-widget elementor-widget-image\" data-id=\"59caa1df\" data-element_type=\"widget\" data-e-type=\"widget\" data-widget_type=\"image.default\">\n\t\t\t\t<div class=\"elementor-widget-container\">\n\t\t\t\t\t\t\t\t\t\t\t\t\t\t\t<img decoding=\"async\" width=\"196\" height=\"128\" src=\"https:\/\/mehler-ep.com\/wp-content\/uploads\/2024\/01\/trust-128x128-1.webp\" class=\"attachment-full size-full wp-image-168\" alt=\"\" \/>\t\t\t\t\t\t\t\t\t\t\t\t\t\t\t<\/div>\n\t\t\t\t<\/div>\n\t\t\t\t<div class=\"elementor-element elementor-element-75179599 elementor-widget elementor-widget-heading\" data-id=\"75179599\" data-element_type=\"widget\" data-e-type=\"widget\" data-widget_type=\"heading.default\">\n\t\t\t\t<div class=\"elementor-widget-container\">\n\t\t\t\t\t<p class=\"elementor-heading-title elementor-size-default\">Vertrauen<\/p>\t\t\t\t<\/div>\n\t\t\t\t<\/div>\n\t\t\t\t<\/div>\n\t\t<div class=\"elementor-element elementor-element-330bf6cb e-flex e-con-boxed e-con e-child\" data-id=\"330bf6cb\" data-element_type=\"container\" data-e-type=\"container\">\n\t\t\t\t\t<div class=\"e-con-inner\">\n\t\t\t\t<div class=\"elementor-element elementor-element-59497284 elementor-widget elementor-widget-image\" data-id=\"59497284\" data-element_type=\"widget\" data-e-type=\"widget\" data-widget_type=\"image.default\">\n\t\t\t\t<div class=\"elementor-widget-container\">\n\t\t\t\t\t\t\t\t\t\t\t\t\t\t\t<img decoding=\"async\" width=\"113\" height=\"128\" src=\"https:\/\/mehler-ep.com\/wp-content\/uploads\/2024\/01\/reliability-128x128-1.webp\" class=\"attachment-full size-full wp-image-167\" alt=\"\" \/>\t\t\t\t\t\t\t\t\t\t\t\t\t\t\t<\/div>\n\t\t\t\t<\/div>\n\t\t\t\t<div class=\"elementor-element elementor-element-62a107df elementor-widget elementor-widget-heading\" data-id=\"62a107df\" data-element_type=\"widget\" data-e-type=\"widget\" data-widget_type=\"heading.default\">\n\t\t\t\t<div class=\"elementor-widget-container\">\n\t\t\t\t\t<p class=\"elementor-heading-title elementor-size-default\">Verl\u00e4sslichkeit<\/p>\t\t\t\t<\/div>\n\t\t\t\t<\/div>\n\t\t\t\t\t<\/div>\n\t\t\t\t<\/div>\n\t\t<div class=\"elementor-element elementor-element-7c0cbec4 e-flex e-con-boxed e-con e-child\" data-id=\"7c0cbec4\" data-element_type=\"container\" data-e-type=\"container\">\n\t\t\t\t\t<div class=\"e-con-inner\">\n\t\t\t\t<div class=\"elementor-element elementor-element-72c70216 elementor-widget elementor-widget-image\" data-id=\"72c70216\" data-element_type=\"widget\" data-e-type=\"widget\" data-widget_type=\"image.default\">\n\t\t\t\t<div class=\"elementor-widget-container\">\n\t\t\t\t\t\t\t\t\t\t\t\t\t\t\t<img decoding=\"async\" width=\"133\" height=\"128\" src=\"https:\/\/mehler-ep.com\/wp-content\/uploads\/2024\/01\/excellence-128x128-1.webp\" class=\"attachment-full size-full wp-image-163\" alt=\"\" \/>\t\t\t\t\t\t\t\t\t\t\t\t\t\t\t<\/div>\n\t\t\t\t<\/div>\n\t\t\t\t<div class=\"elementor-element elementor-element-5b30fd5d elementor-widget elementor-widget-heading\" data-id=\"5b30fd5d\" data-element_type=\"widget\" data-e-type=\"widget\" data-widget_type=\"heading.default\">\n\t\t\t\t<div class=\"elementor-widget-container\">\n\t\t\t\t\t<p class=\"elementor-heading-title elementor-size-default\">Exzellenz<\/p>\t\t\t\t<\/div>\n\t\t\t\t<\/div>\n\t\t\t\t\t<\/div>\n\t\t\t\t<\/div>\n\t\t\t\t\t<\/div>\n\t\t\t\t<\/div>\n\t\t<div class=\"elementor-element elementor-element-369ca28d e-flex e-con-boxed e-con e-parent\" data-id=\"369ca28d\" data-element_type=\"container\" data-e-type=\"container\" data-settings=\"{&quot;background_background&quot;:&quot;classic&quot;}\">\n\t\t\t\t\t<div class=\"e-con-inner\">\n\t\t<div class=\"elementor-element elementor-element-47edd394 e-con-full e-flex e-con e-child\" data-id=\"47edd394\" data-element_type=\"container\" data-e-type=\"container\">\n\t\t\t\t<div class=\"elementor-element elementor-element-6108f78b elementor-widget elementor-widget-image\" data-id=\"6108f78b\" data-element_type=\"widget\" data-e-type=\"widget\" data-widget_type=\"image.default\">\n\t\t\t\t<div class=\"elementor-widget-container\">\n\t\t\t\t\t\t\t\t\t\t\t\t\t\t\t<img loading=\"lazy\" decoding=\"async\" width=\"79\" height=\"128\" src=\"https:\/\/mehler-ep.com\/wp-content\/uploads\/2024\/01\/innovation-128x128-1.webp\" class=\"attachment-full size-full wp-image-175\" alt=\"\" \/>\t\t\t\t\t\t\t\t\t\t\t\t\t\t\t<\/div>\n\t\t\t\t<\/div>\n\t\t\t\t<div class=\"elementor-element elementor-element-4a289918 elementor-widget elementor-widget-heading\" data-id=\"4a289918\" data-element_type=\"widget\" data-e-type=\"widget\" data-widget_type=\"heading.default\">\n\t\t\t\t<div class=\"elementor-widget-container\">\n\t\t\t\t\t<p class=\"elementor-heading-title elementor-size-default\">Innovation<\/p>\t\t\t\t<\/div>\n\t\t\t\t<\/div>\n\t\t\t\t<\/div>\n\t\t<div class=\"elementor-element elementor-element-2f48f35b e-flex e-con-boxed e-con e-child\" data-id=\"2f48f35b\" data-element_type=\"container\" data-e-type=\"container\">\n\t\t\t\t\t<div class=\"e-con-inner\">\n\t\t\t\t<div class=\"elementor-element elementor-element-1635cb66 elementor-widget elementor-widget-image\" data-id=\"1635cb66\" data-element_type=\"widget\" data-e-type=\"widget\" data-widget_type=\"image.default\">\n\t\t\t\t<div class=\"elementor-widget-container\">\n\t\t\t\t\t\t\t\t\t\t\t\t\t\t\t<img loading=\"lazy\" decoding=\"async\" width=\"188\" height=\"128\" src=\"https:\/\/mehler-ep.com\/wp-content\/uploads\/2024\/01\/integrity-128x128-1.webp\" class=\"attachment-full size-full wp-image-165\" alt=\"\" \/>\t\t\t\t\t\t\t\t\t\t\t\t\t\t\t<\/div>\n\t\t\t\t<\/div>\n\t\t\t\t<div class=\"elementor-element elementor-element-67bedc40 elementor-widget elementor-widget-heading\" data-id=\"67bedc40\" data-element_type=\"widget\" data-e-type=\"widget\" data-widget_type=\"heading.default\">\n\t\t\t\t<div class=\"elementor-widget-container\">\n\t\t\t\t\t<p class=\"elementor-heading-title elementor-size-default\">Integrit\u00e4t<\/p>\t\t\t\t<\/div>\n\t\t\t\t<\/div>\n\t\t\t\t\t<\/div>\n\t\t\t\t<\/div>\n\t\t<div class=\"elementor-element elementor-element-6bb2d052 e-flex e-con-boxed e-con e-child\" data-id=\"6bb2d052\" data-element_type=\"container\" data-e-type=\"container\">\n\t\t\t\t\t<div class=\"e-con-inner\">\n\t\t\t\t<div class=\"elementor-element elementor-element-42557607 elementor-widget elementor-widget-image\" data-id=\"42557607\" data-element_type=\"widget\" data-e-type=\"widget\" data-widget_type=\"image.default\">\n\t\t\t\t<div class=\"elementor-widget-container\">\n\t\t\t\t\t\t\t\t\t\t\t\t\t\t\t<img loading=\"lazy\" decoding=\"async\" width=\"128\" height=\"128\" src=\"https:\/\/mehler-ep.com\/wp-content\/uploads\/2024\/01\/global-128x128-1.webp\" class=\"attachment-full size-full wp-image-164\" alt=\"\" \/>\t\t\t\t\t\t\t\t\t\t\t\t\t\t\t<\/div>\n\t\t\t\t<\/div>\n\t\t\t\t<div class=\"elementor-element elementor-element-1bc3ff27 elementor-widget elementor-widget-heading\" data-id=\"1bc3ff27\" data-element_type=\"widget\" data-e-type=\"widget\" data-widget_type=\"heading.default\">\n\t\t\t\t<div class=\"elementor-widget-container\">\n\t\t\t\t\t<h2 class=\"elementor-heading-title elementor-size-default\">Global<\/h2>\t\t\t\t<\/div>\n\t\t\t\t<\/div>\n\t\t\t\t\t<\/div>\n\t\t\t\t<\/div>\n\t\t\t\t\t<\/div>\n\t\t\t\t<\/div>\n\t\t\t\t<\/div>\n\t\t","protected":false},"excerpt":{"rendered":"<p>Karriere MEHLER Werden Sie Teil unseres Teams MEHLER besch\u00e4ftigt weltweit \u00fcber 650 Mitarbeiter an 7 Standorten.Sie begeistern sich f\u00fcr das umfassende Thema der technischen Textilien? Sie arbeiten gerne in einem internationalem eng verbundenen Team und m\u00f6chten Ihren Beitrag dazu leisten, ein zukunftsorientiertes Unternehmen weiter wachsen zu lassen? Dann sind Sie bei uns an der richtigen [&hellip;]<\/p>\n","protected":false},"author":1,"featured_media":0,"parent":0,"menu_order":0,"comment_status":"closed","ping_status":"closed","template":"","meta":{"footnotes":""},"class_list":["post-33","page","type-page","status-publish","hentry"],"_links":{"self":[{"href":"https:\/\/mehler-ep.com\/de\/wp-json\/wp\/v2\/pages\/33","targetHints":{"allow":["GET"]}}],"collection":[{"href":"https:\/\/mehler-ep.com\/de\/wp-json\/wp\/v2\/pages"}],"about":[{"href":"https:\/\/mehler-ep.com\/de\/wp-json\/wp\/v2\/types\/page"}],"author":[{"embeddable":true,"href":"https:\/\/mehler-ep.com\/de\/wp-json\/wp\/v2\/users\/1"}],"replies":[{"embeddable":true,"href":"https:\/\/mehler-ep.com\/de\/wp-json\/wp\/v2\/comments?post=33"}],"version-history":[{"count":5,"href":"https:\/\/mehler-ep.com\/de\/wp-json\/wp\/v2\/pages\/33\/revisions"}],"predecessor-version":[{"id":16798,"href":"https:\/\/mehler-ep.com\/de\/wp-json\/wp\/v2\/pages\/33\/revisions\/16798"}],"wp:attachment":[{"href":"https:\/\/mehler-ep.com\/de\/wp-json\/wp\/v2\/media?parent=33"}],"curies":[{"name":"wp","href":"https:\/\/api.w.org\/{rel}","templated":true}]}}