{"id":39,"date":"2024-01-10T11:25:49","date_gmt":"2024-01-10T10:25:49","guid":{"rendered":"https:\/\/mehler.devderbort.de\/?page_id=39"},"modified":"2024-07-22T15:07:06","modified_gmt":"2024-07-22T13:07:06","slug":"impressum","status":"publish","type":"page","link":"https:\/\/mehler-ep.com\/de\/impressum\/","title":{"rendered":"Impressum"},"content":{"rendered":"\t\t<div data-elementor-type=\"wp-page\" data-elementor-id=\"39\" class=\"elementor elementor-39\" data-elementor-post-type=\"page\">\n\t\t\t\t<div class=\"elementor-element elementor-element-6b5b52f6 e-flex e-con-boxed e-con e-parent\" data-id=\"6b5b52f6\" data-element_type=\"container\" data-e-type=\"container\" data-settings=\"{&quot;background_background&quot;:&quot;classic&quot;}\">\n\t\t\t\t\t<div class=\"e-con-inner\">\n\t\t<div class=\"elementor-element elementor-element-4f60ee98 e-con-full e-flex e-con e-child\" data-id=\"4f60ee98\" data-element_type=\"container\" data-e-type=\"container\" data-settings=\"{&quot;background_background&quot;:&quot;classic&quot;}\">\n\t\t\t\t<div class=\"elementor-element elementor-element-5a741f71 elementor-widget elementor-widget-heading\" data-id=\"5a741f71\" data-element_type=\"widget\" data-e-type=\"widget\" data-widget_type=\"heading.default\">\n\t\t\t\t<div class=\"elementor-widget-container\">\n\t\t\t\t\t<h1 class=\"elementor-heading-title elementor-size-default\">Impressum<\/h1>\t\t\t\t<\/div>\n\t\t\t\t<\/div>\n\t\t\t\t<\/div>\n\t\t<div class=\"elementor-element elementor-element-3241e810 e-con-full elementor-hidden-mobile e-flex e-con e-child\" data-id=\"3241e810\" data-element_type=\"container\" data-e-type=\"container\">\n\t\t\t\t<\/div>\n\t\t\t\t\t<\/div>\n\t\t\t\t<\/div>\n\t\t<div class=\"elementor-element elementor-element-4b986e2b e-flex e-con-boxed e-con e-parent\" data-id=\"4b986e2b\" data-element_type=\"container\" data-e-type=\"container\" data-settings=\"{&quot;background_background&quot;:&quot;classic&quot;}\">\n\t\t\t\t\t<div class=\"e-con-inner\">\n\t\t<div class=\"elementor-element elementor-element-a4856a3 e-con-full e-flex e-con e-child\" data-id=\"a4856a3\" data-element_type=\"container\" data-e-type=\"container\">\n\t\t\t\t<div class=\"elementor-element elementor-element-4d45ef77 elementor-widget elementor-widget-heading\" data-id=\"4d45ef77\" data-element_type=\"widget\" data-e-type=\"widget\" data-widget_type=\"heading.default\">\n\t\t\t\t<div class=\"elementor-widget-container\">\n\t\t\t\t\t<h2 class=\"elementor-heading-title elementor-size-default\">Impressum MEHLER ENGINEERED PRODUCTS GMBH\n<\/h2>\t\t\t\t<\/div>\n\t\t\t\t<\/div>\n\t\t\t\t<div class=\"elementor-element elementor-element-9aa22af elementor-widget elementor-widget-text-editor\" data-id=\"9aa22af\" data-element_type=\"widget\" data-e-type=\"widget\" data-widget_type=\"text-editor.default\">\n\t\t\t\t<div class=\"elementor-widget-container\">\n\t\t\t\t\t\t\t\t\t<p><strong style=\"color: var( --e-global-color-text ); font-family: var( --e-global-typography-text-font-family ), Sans-serif; background-color: var( --e-global-color-secondary );\">MEHLER ENGINEERED PRODUCTS GMBH<\/strong><\/p>\n<p>Edelzeller Str. 44<br>D-36043 Fulda<\/p>\n<p><strong>Vertreten durch die Gesch\u00e4ftsleitung<\/strong><\/p>\n<p>Stefan Herfurth<\/p>\n<p><strong>Kontakt<\/strong><\/p>\n<p>Telefon: +49 661 103-0<br>Telefax: +49 661 103-346<br>E-Mail: info@mehler-ep.com<\/p>\n<p><strong>Registereintrag<\/strong><\/p>\n<p>Eintrag im Handelsregister<br>Registergericht: Fulda<br>Registernummer: HRB 957<\/p>\n<p><strong>Umsatzsteuer<\/strong><\/p>\n<p>Umsatzsteuer-Identifikationsnummer gem\u00e4\u00df \u00a7 27 a Umsatzsteuergesetz:<br>DE 811147463<\/p>\n<p><strong>Verantwortlich f\u00fcr den Inhalt nach \u00a7 55 Abs. 2 RStV:<\/strong><\/p>\n<p>MEHLER ENGINEERED PRODUCTS GMBH<br>Stefan Herfurth<br>Edelzeller Str. 44<br>D-36043 Fulda<\/p>\n<p><strong>Streitschlichtung<\/strong><\/p>\n<p>Die Europ\u00e4ische Kommission stellt eine Plattform zur Online-Streitbeilegung (OS) bereit: https:\/\/ec.europa.eu\/consumers\/odr. Die E-Mail-Adresse der MEHLER ENGINEERED PRODUCTS GMBH (\u201eMEP GmbH\u201c) finden Sie oben im Impressum.<\/p>\n<p>Die MEP GmbH ist nicht bereit oder verpflichtet, an Streitbeilegungsverfahren vor einer Verbraucherschlichtungsstelle teilzunehmen.<\/p>\n<p><strong>Haftung f\u00fcr Inhalte<\/strong><\/p>\n<p>Als Diensteanbieter ist die MEP GmbH gem\u00e4\u00df \u00a7 7 Abs.1 TMG f\u00fcr eigene Inhalte auf diesen Seiten nach den allgemeinen Gesetzen verantwortlich. Nach \u00a7\u00a7 8 bis 10 TMG ist die MEP GmbH als Diensteanbieter jedoch nicht verpflichtet, \u00fcbermittelte oder gespeicherte fremde Informationen zu \u00fcberwachen oder nach Umst\u00e4nden zu forschen, die auf eine rechtswidrige T\u00e4tigkeit hinweisen.<\/p>\n<p>Verpflichtungen zur Entfernung oder Sperrung der Nutzung von Informationen nach den allgemeinen Gesetzen bleiben hiervon unber\u00fchrt. Eine diesbez\u00fcgliche Haftung ist jedoch erst ab dem Zeitpunkt der Kenntnis einer konkreten Rechtsverletzung m\u00f6glich. Bei Bekanntwerden von entsprechenden Rechtsverletzungen wird die MEP GmbH diese Inhalte umgehend entfernen.<\/p>\n<p><strong>Haftung f\u00fcr Links<\/strong><\/p>\n<p>Die Website der MEP GmbH enthalten Links zu externen Websites Dritter, auf deren Inhalte die MEP GmbH keinen Einfluss hat. Deshalb wird f\u00fcr diese fremden Inhalte auch keine Gew\u00e4hr \u00fcbernommen. F\u00fcr die Inhalte der verlinkten Seiten ist stets der jeweilige Anbieter oder Betreiber der Seiten verantwortlich. Die verlinkten Seiten wurden zum Zeitpunkt der Verlinkung auf m\u00f6gliche Rechtsverst\u00f6\u00dfe \u00fcberpr\u00fcft. Rechtswidrige Inhalte waren zum Zeitpunkt der Verlinkung nicht erkennbar.<\/p>\n<p>Eine permanente inhaltliche Kontrolle der verlinkten Seiten ist jedoch ohne konkrete Anhaltspunkte einer Rechtsverletzung nicht zumutbar. Bei Bekanntwerden von Rechtsverletzungen wird die MEP GmbH derartige Links umgehend entfernen.<\/p>\n<p><strong>Urheberrecht<\/strong><\/p>\n<p>Die durch den Seitenbetreiber erstellten Inhalte und Werke auf diesen Seiten unterliegen dem deutschen Urheberrecht. Die Vervielf\u00e4ltigung, Bearbeitung, Verbreitung und jede Art der Verwertung au\u00dferhalb der Grenzen des Urheberrechtes bed\u00fcrfen der schriftlichen Zustimmung des jeweiligen Autors bzw. Erstellers. Downloads und Kopien dieser Seite sind nur f\u00fcr den privaten, nicht kommerziellen Gebrauch gestattet.<\/p>\n<p>Soweit die Inhalte auf dieser Seite nicht vom Betreiber erstellt wurden, werden die Urheberrechte Dritter beachtet. Insbesondere werden Inhalte Dritter als solche gekennzeichnet. Sollten Sie trotzdem auf eine Urheberrechtsverletzung aufmerksam werden, bitten wir um einen entsprechenden Hinweis. Bei Bekanntwerden von Rechtsverletzungen werden wir derartige Inhalte umgehend entfernen.<\/p>\n<p><strong>Compliance<\/strong><\/p>\n<p>Wir legen gro\u00dfen Wert auf Integrit\u00e4t und ethisches Handeln. F\u00fcr die Unternehmensgruppe wurde ein Compliance Management System und Verhaltenskodexe implementiert. Diese stellen sicher, dass unser Unternehmen stets im Einklang mit gesetzlichen Vorschriften und ethischen Standards agiert und alle Aktivit\u00e4ten und Gesch\u00e4ftsprozesse danach ausgerichtet sind.<\/p>\n<p>Detaillierte Informationen hierzu sowie zum Hinweisgebersystem f\u00fcr Compliance Verst\u00f6\u00dfe erfahren Sie auf der Website unseres Konzerns: KAP \u2013 Hinweisgebersystem und Beschwerdestelle<\/p>\n<p>Link zum Verhaltenskodex der KAP AG: <a href=\"https:\/\/www.kap.de\/investor-relations\/corporate-governance\/verhaltenskodex\" target=\"_blank\" rel=\"noopener\">Verhaltenskodex der KAP AG | KAP AG<\/a><\/p>\n<p>Link zum Verhaltenskodex f\u00fcr Lieferanten der KAP Gruppe: <a href=\"https:\/\/www.kap.de\/investor-relations\/corporate-governance\/lieferantenkodex\" target=\"_blank\" rel=\"noopener\">Verhaltenskodex f\u00fcr Lieferanten | KAP AG<\/a><\/p>\t\t\t\t\t\t\t\t<\/div>\n\t\t\t\t<\/div>\n\t\t\t\t<\/div>\n\t\t\t\t\t<\/div>\n\t\t\t\t<\/div>\n\t\t\t\t<\/div>\n\t\t","protected":false},"excerpt":{"rendered":"<p>Impressum Impressum MEHLER ENGINEERED PRODUCTS GMBH MEHLER ENGINEERED PRODUCTS GMBH Edelzeller Str. 44D-36043 Fulda Vertreten durch die Gesch\u00e4ftsleitung Stefan Herfurth Kontakt Telefon: +49 661 103-0Telefax: +49 661 103-346E-Mail: info@mehler-ep.com Registereintrag Eintrag im HandelsregisterRegistergericht: FuldaRegisternummer: HRB 957 Umsatzsteuer Umsatzsteuer-Identifikationsnummer gem\u00e4\u00df \u00a7 27 a Umsatzsteuergesetz:DE 811147463 Verantwortlich f\u00fcr den Inhalt nach \u00a7 55 Abs. 2 RStV: MEHLER [&hellip;]<\/p>\n","protected":false},"author":1,"featured_media":0,"parent":0,"menu_order":0,"comment_status":"closed","ping_status":"closed","template":"","meta":{"footnotes":""},"class_list":["post-39","page","type-page","status-publish","hentry"],"_links":{"self":[{"href":"https:\/\/mehler-ep.com\/de\/wp-json\/wp\/v2\/pages\/39","targetHints":{"allow":["GET"]}}],"collection":[{"href":"https:\/\/mehler-ep.com\/de\/wp-json\/wp\/v2\/pages"}],"about":[{"href":"https:\/\/mehler-ep.com\/de\/wp-json\/wp\/v2\/types\/page"}],"author":[{"embeddable":true,"href":"https:\/\/mehler-ep.com\/de\/wp-json\/wp\/v2\/users\/1"}],"replies":[{"embeddable":true,"href":"https:\/\/mehler-ep.com\/de\/wp-json\/wp\/v2\/comments?post=39"}],"version-history":[{"count":5,"href":"https:\/\/mehler-ep.com\/de\/wp-json\/wp\/v2\/pages\/39\/revisions"}],"predecessor-version":[{"id":16279,"href":"https:\/\/mehler-ep.com\/de\/wp-json\/wp\/v2\/pages\/39\/revisions\/16279"}],"wp:attachment":[{"href":"https:\/\/mehler-ep.com\/de\/wp-json\/wp\/v2\/media?parent=39"}],"curies":[{"name":"wp","href":"https:\/\/api.w.org\/{rel}","templated":true}]}}